{"id":78,"date":"2023-02-09T07:17:27","date_gmt":"2023-02-09T06:17:27","guid":{"rendered":"https:\/\/www.famaiks.com\/?page_id=78"},"modified":"2023-02-09T07:17:30","modified_gmt":"2023-02-09T06:17:30","slug":"a-propos-de-nous","status":"publish","type":"page","link":"https:\/\/www.famaiks.com\/index.php\/a-propos-de-nous\/","title":{"rendered":"\u00c0 Propos De Nous"},"content":{"rendered":"\n<p>La nourriture, les v\u00eatements, le logement et le transport sont les besoins fondamentaux des gens dans la vie. Les v\u00eatements d\u00e9terminent la premi\u00e8re impression que les autres ont de vous. Par cons\u00e9quent, am\u00e9liorer votre go\u00fbt est une chose tr\u00e8s importante, et cela vous aidera de plusieurs fa\u00e7ons.<br>Notre site Web pr\u00e9sentera de nombreux articles sur l&rsquo;habillage et le style. J&rsquo;esp\u00e8re que vous pourrez apprendre plus d&rsquo;informations utiles \u00e0 travers les articles pour vous am\u00e9liorer et vous rendre plus belle.<br>La beaut\u00e9 n&rsquo;est pas seulement le respect des autres, mais aussi l&rsquo;expression de la confiance en soi, j&rsquo;esp\u00e8re que chacun pourra porter son propre style et montrer son plus beau c\u00f4t\u00e9.<\/p>\n\n\n<div class=\"wp-block-image\">\n<figure class=\"aligncenter size-large\"><img loading=\"lazy\" decoding=\"async\" width=\"1024\" height=\"513\" src=\"https:\/\/www.famaiks.com\/wp-content\/uploads\/2023\/02\/spring-2022-trends-1642786776-1024x513.jpg\" alt=\"\" class=\"wp-image-79\" srcset=\"https:\/\/www.famaiks.com\/wp-content\/uploads\/2023\/02\/spring-2022-trends-1642786776-1024x513.jpg 1024w, https:\/\/www.famaiks.com\/wp-content\/uploads\/2023\/02\/spring-2022-trends-1642786776-300x150.jpg 300w, https:\/\/www.famaiks.com\/wp-content\/uploads\/2023\/02\/spring-2022-trends-1642786776-768x385.jpg 768w, https:\/\/www.famaiks.com\/wp-content\/uploads\/2023\/02\/spring-2022-trends-1642786776.jpg 1200w\" sizes=\"auto, (max-width: 1024px) 100vw, 1024px\" \/><\/figure>\n<\/div>","protected":false},"excerpt":{"rendered":"<p>La nourriture, les v\u00eatements, le logement et le transport sont les besoins fondamentaux des gens dans la vie. Les v\u00eatements d\u00e9terminent la premi\u00e8re impression que les autres ont de vous. Par cons\u00e9quent, am\u00e9liorer votre go\u00fbt est une chose tr\u00e8s importante, et cela vous aidera de plusieurs fa\u00e7ons.Notre site Web pr\u00e9sentera de nombreux articles sur l&rsquo;habillage [&hellip;]<\/p>\n","protected":false},"author":1,"featured_media":0,"parent":0,"menu_order":0,"comment_status":"closed","ping_status":"closed","template":"","meta":{"footnotes":""},"class_list":["post-78","page","type-page","status-publish","hentry"],"_links":{"self":[{"href":"https:\/\/www.famaiks.com\/index.php\/wp-json\/wp\/v2\/pages\/78","targetHints":{"allow":["GET"]}}],"collection":[{"href":"https:\/\/www.famaiks.com\/index.php\/wp-json\/wp\/v2\/pages"}],"about":[{"href":"https:\/\/www.famaiks.com\/index.php\/wp-json\/wp\/v2\/types\/page"}],"author":[{"embeddable":true,"href":"https:\/\/www.famaiks.com\/index.php\/wp-json\/wp\/v2\/users\/1"}],"replies":[{"embeddable":true,"href":"https:\/\/www.famaiks.com\/index.php\/wp-json\/wp\/v2\/comments?post=78"}],"version-history":[{"count":1,"href":"https:\/\/www.famaiks.com\/index.php\/wp-json\/wp\/v2\/pages\/78\/revisions"}],"predecessor-version":[{"id":80,"href":"https:\/\/www.famaiks.com\/index.php\/wp-json\/wp\/v2\/pages\/78\/revisions\/80"}],"wp:attachment":[{"href":"https:\/\/www.famaiks.com\/index.php\/wp-json\/wp\/v2\/media?parent=78"}],"curies":[{"name":"wp","href":"https:\/\/api.w.org\/{rel}","templated":true}]}}